{"id":113,"date":"2024-05-09T17:49:20","date_gmt":"2024-05-09T15:49:20","guid":{"rendered":"https:\/\/savarenovation74.fr\/?page_id=113"},"modified":"2024-05-29T11:18:38","modified_gmt":"2024-05-29T09:18:38","slug":"renovation-interieure","status":"publish","type":"page","link":"https:\/\/savarenovation74.fr\/index.php\/renovation-interieure\/","title":{"rendered":"R\u00e9novation int\u00e9rieure"},"content":{"rendered":"\n<figure class=\"wp-block-gallery has-nested-images columns-default is-cropped wp-block-gallery-1 is-layout-flex wp-block-gallery-is-layout-flex\"><\/figure>\n\n\n\n<p>Notre champ d&#8217;intervention dans le domaine de la r\u00e9novation est large et diversifi\u00e9, couvrant une multitude de services et de transformations pour donner vie \u00e0 vos id\u00e9es et \u00e0 vos projets. Nous sommes experts en am\u00e9nagement de combles, rendant ces espaces sous-utilis\u00e9s en lieux de vie fonctionnels et agr\u00e9ables. Nous nous sp\u00e9cialisons \u00e9galement dans la cr\u00e9ation de lofts, apportant une touche moderne et industrielle \u00e0 votre habitation.<\/p>\n\n\n\n<blockquote class=\"wp-block-quote is-layout-flow wp-block-quote-is-layout-flow\">\n<p class=\"has-text-align-center\">Avant<\/p>\n<\/blockquote>\n\n\n<div class=\"wp-block-image\">\n<figure class=\"aligncenter size-large\"><img loading=\"lazy\" decoding=\"async\" width=\"1024\" height=\"772\" src=\"https:\/\/savarenovation74.fr\/wp-content\/uploads\/2024\/05\/1.1-1024x772.jpg\" alt=\"\" class=\"wp-image-183\" srcset=\"https:\/\/savarenovation74.fr\/wp-content\/uploads\/2024\/05\/1.1-1024x772.jpg 1024w, https:\/\/savarenovation74.fr\/wp-content\/uploads\/2024\/05\/1.1-300x226.jpg 300w, https:\/\/savarenovation74.fr\/wp-content\/uploads\/2024\/05\/1.1-768x579.jpg 768w, https:\/\/savarenovation74.fr\/wp-content\/uploads\/2024\/05\/1.1-80x60.jpg 80w, https:\/\/savarenovation74.fr\/wp-content\/uploads\/2024\/05\/1.1.jpg 1160w\" sizes=\"auto, (max-width: 1024px) 100vw, 1024px\" \/><\/figure>\n<\/div>\n\n\n<blockquote class=\"wp-block-quote has-text-align-center is-layout-flow wp-block-quote-is-layout-flow\">\n<p>Apr\u00e8s<\/p>\n<\/blockquote>\n\n\n<div class=\"wp-block-image\">\n<figure class=\"aligncenter size-large is-resized\"><img loading=\"lazy\" decoding=\"async\" width=\"768\" height=\"1024\" src=\"https:\/\/savarenovation74.fr\/wp-content\/uploads\/2024\/05\/2-2-768x1024.jpg\" alt=\"\" class=\"wp-image-175\" style=\"width:500px;height:auto\" srcset=\"https:\/\/savarenovation74.fr\/wp-content\/uploads\/2024\/05\/2-2-768x1024.jpg 768w, https:\/\/savarenovation74.fr\/wp-content\/uploads\/2024\/05\/2-2-225x300.jpg 225w, https:\/\/savarenovation74.fr\/wp-content\/uploads\/2024\/05\/2-2-45x60.jpg 45w, https:\/\/savarenovation74.fr\/wp-content\/uploads\/2024\/05\/2-2.jpg 775w\" sizes=\"auto, (max-width: 768px) 100vw, 768px\" \/><\/figure>\n<\/div>\n\n\n<p><\/p>\n\n\n\n<p class=\"has-text-align-center has-vivid-cyan-blue-color has-text-color has-link-color wp-elements-b9956cec22ac6a762400ee787395fa6f\"><em>Exemple de travail de zinguerie int\u00e9rieur : Habillage bois en t\u00f4les thermolaqu\u00e9e<\/em><\/p>\n\n\n\n<p>En mati\u00e8re de d\u00e9coration d&#8217;int\u00e9rieur, notre \u00e9quipe de professionnels met tout en \u0153uvre pour cr\u00e9er des espaces qui refl\u00e8tent votre personnalit\u00e9 et votre style. Nous proposons des escaliers sur mesure ou classiques, pour s&#8217;adapter parfaitement \u00e0 l&#8217;architecture de votre maison.<\/p>\n\n\n\n<p>Notre expertise s&#8217;\u00e9tend \u00e9galement \u00e0 l&#8217;installation de chauffage et d&#8217;\u00e9lectricit\u00e9, en respectant les normes de s\u00e9curit\u00e9 en vigueur. Si vous r\u00eavez d&#8217;une chemin\u00e9e pour apporter une touche chaleureuse \u00e0 votre int\u00e9rieur, nous sommes aussi l\u00e0 pour vous accompagner.<\/p>\n\n\n\n<p>Pour vous garantir un confort optimal, nous proposons des services d&#8217;isolation phonique et thermique, pour une maison agr\u00e9able en toute saison. Nous r\u00e9alisons \u00e9galement des placards et dressings sur mesure, pour optimiser votre espace de rangement.<\/p>\n\n\n\n<p>En ce qui concerne la r\u00e9novation d&#8217;appartement, de chambre, de cuisine, de fen\u00eatres et portes, de maison, de mur et plafond ou de r\u00e9sidence secondaire, nous disposons de l&#8217;expertise n\u00e9cessaire pour r\u00e9aliser ces travaux. Nous prenons en charge la r\u00e9novation de votre salle de bain, pour en faire un lieu de d\u00e9tente privil\u00e9gi\u00e9.<\/p>\n\n\n\n<p>Notre \u00e9quipe est \u00e9galement sp\u00e9cialis\u00e9e dans la r\u00e9novation \u00e9nerg\u00e9tique, pour rendre votre maison plus \u00e9cologique et \u00e9conomique. Nous proposons des services de rev\u00eatement de sol, pour donner un nouveau look \u00e0 vos pi\u00e8ces. Enfin, nous prenons en charge la r\u00e9novation de votre salon et salle \u00e0 manger, pour en faire des espaces conviviaux et accueillants.<\/p>\n\n\n\n<p>En somme, nous couvrons tous les aspects de la r\u00e9novation, pour vous offrir un service complet et de qualit\u00e9.<\/p>\n","protected":false},"excerpt":{"rendered":"<p>Notre champ d&#8217;intervention dans le domaine de la r\u00e9novation est large et diversifi\u00e9, couvrant une multitude de services et de transformations pour donner vie \u00e0 vos id\u00e9es et \u00e0 vos projets. Nous sommes experts en am\u00e9nagement de combles, rendant ces espaces sous-utilis\u00e9s en lieux de vie fonctionnels et agr\u00e9ables. Nous nous sp\u00e9cialisons \u00e9galement dans la &hellip; <\/p>\n","protected":false},"author":1,"featured_media":0,"parent":0,"menu_order":0,"comment_status":"closed","ping_status":"closed","template":"","meta":{"footnotes":""},"class_list":["post-113","page","type-page","status-publish","hentry"],"_links":{"self":[{"href":"https:\/\/savarenovation74.fr\/index.php\/wp-json\/wp\/v2\/pages\/113","targetHints":{"allow":["GET"]}}],"collection":[{"href":"https:\/\/savarenovation74.fr\/index.php\/wp-json\/wp\/v2\/pages"}],"about":[{"href":"https:\/\/savarenovation74.fr\/index.php\/wp-json\/wp\/v2\/types\/page"}],"author":[{"embeddable":true,"href":"https:\/\/savarenovation74.fr\/index.php\/wp-json\/wp\/v2\/users\/1"}],"replies":[{"embeddable":true,"href":"https:\/\/savarenovation74.fr\/index.php\/wp-json\/wp\/v2\/comments?post=113"}],"version-history":[{"count":10,"href":"https:\/\/savarenovation74.fr\/index.php\/wp-json\/wp\/v2\/pages\/113\/revisions"}],"predecessor-version":[{"id":185,"href":"https:\/\/savarenovation74.fr\/index.php\/wp-json\/wp\/v2\/pages\/113\/revisions\/185"}],"wp:attachment":[{"href":"https:\/\/savarenovation74.fr\/index.php\/wp-json\/wp\/v2\/media?parent=113"}],"curies":[{"name":"wp","href":"https:\/\/api.w.org\/{rel}","templated":true}]}}