{"id":37,"date":"2024-05-09T10:25:24","date_gmt":"2024-05-09T08:25:24","guid":{"rendered":"https:\/\/savarenovation74.fr\/?page_id=37"},"modified":"2024-05-29T11:41:52","modified_gmt":"2024-05-29T09:41:52","slug":"accueil","status":"publish","type":"page","link":"https:\/\/savarenovation74.fr\/index.php\/accueil\/","title":{"rendered":"Accueil &amp; Contact"},"content":{"rendered":"\n<h1 class=\"wp-block-heading has-text-align-center\">Vous avez un projet r\u00e9novation&#8230;<\/h1>\n\n\n\n<blockquote class=\"wp-block-quote is-layout-flow wp-block-quote-is-layout-flow\">\n<p class=\"has-text-align-center\">Travaillez avec des artisans passionn\u00e9s. Votre satisfaction est notre priorit\u00e9, garantie par un travail de qualit\u00e9 \u00e0 des co\u00fbts ma\u00eetris\u00e9s. <\/p>\n\n\n\n<p class=\"has-text-align-center\">Avec Sava R\u00e9novation, vous b\u00e9n\u00e9ficierez d&#8217;une garantie d\u00e9cennale.<\/p>\n\n\n\n<p class=\"has-text-align-center\"><strong>Notre si\u00e8ge : <\/strong>21 rue de l&#8217;Europe 74200 &#8211; THONON-LES-BAINS<\/p>\n\n\n\n<p class=\"has-text-align-center\">Haute-Savoie<\/p>\n<\/blockquote>\n\n\n\n<h2 class=\"wp-block-heading has-text-align-center\">Votre devis de travaux est offert !<\/h2>\n\n\n\n<p class=\"has-text-align-center\"><\/p>\n\n\n\n<h2 class=\"wp-block-heading has-text-align-center\">Contactez-nous : 07.78.55.59.23 ou au 06.23.81.25.47<\/h2>\n\n\n\n<blockquote class=\"wp-block-quote is-layout-flow wp-block-quote-is-layout-flow\">\n<p class=\"has-text-align-center\">Ou par internet via le formulaire de demande de devis : <a href=\"https:\/\/app.smartsheet.com\/b\/form\/b9f600cb832f4451acec4147a8901a9b\" data-type=\"link\" data-id=\"https:\/\/app.smartsheet.com\/b\/form\/b9f600cb832f4451acec4147a8901a9b\" target=\"_blank\" rel=\"noreferrer noopener\">Demande de devis<\/a><\/p>\n<\/blockquote>\n\n\n\n<p>Nous prenons en charge l&#8217;ensemble de vos projets de r\u00e9novation, offrant des services d&#8217;isolation, d&#8217;extension de votre espace de vie, ainsi que la refonte de votre cuisine et salle de bain. Nous nous occupons \u00e9galement de l&#8217;am\u00e9nagement de vos espaces ext\u00e9rieurs.<\/p>\n\n\n\n<p>Vous en avez assez des travaux de r\u00e9novation qui semblent interminables et stressants ? Ne cherchez pas plus loin, Sava R\u00e9novation est l\u00e0 pour vous !<\/p>\n\n\n\n<p>Nous croyons fermement que la r\u00e9novation de votre maison ne devrait pas \u00eatre une source de stress, mais plut\u00f4t un projet passionnant qui vous rapproche de la maison de vos r\u00eaves. C&#8217;est pourquoi Sava R\u00e9novation travaille dur pour faciliter les choses pour vous.<\/p>\n\n\n\n<p>Comment ? En vous proposant des services de r\u00e9novation de haute qualit\u00e9, en respectant les d\u00e9lais et en vous offrant un service client exceptionnel. Nous sommes l\u00e0 pour vous accompagner \u00e0 chaque \u00e9tape de votre projet et faire en sorte que tout se passe sans accroc.<\/p>\n\n\n\n<p>Et rappelez-vous, avec Sava R\u00e9novation, &#8220;<strong>sava toujours mieux !&#8221;<\/strong> Ne laissez pas vos projets de r\u00e9novation devenir un casse-t\u00eate, confiez-les \u00e0 Sava R\u00e9novation et respirez, &#8220;<strong>sava aller !<\/strong>&#8220;<\/p>\n\n\n\n<p>Alors, pr\u00eat \u00e0 transformer votre maison en un lieu qui vous ressemble ? Contactez-nous d\u00e8s aujourd&#8217;hui et d\u00e9couvrez comment <strong>&#8220;sava devenir votre nouveau mantra !&#8221;<\/strong><\/p>\n\n\n\n<p>Sava R\u00e9novation, parce que <strong>&#8220;sava toujours mieux quand c&#8217;est bien fait !&#8221;<\/strong><\/p>\n","protected":false},"excerpt":{"rendered":"<p>Vous avez un projet r\u00e9novation&#8230; Travaillez avec des artisans passionn\u00e9s. Votre satisfaction est notre priorit\u00e9, garantie par un travail de qualit\u00e9 \u00e0 des co\u00fbts ma\u00eetris\u00e9s. Avec Sava R\u00e9novation, vous b\u00e9n\u00e9ficierez d&#8217;une garantie d\u00e9cennale. Notre si\u00e8ge : 21 rue de l&#8217;Europe 74200 &#8211; THONON-LES-BAINS Haute-Savoie Votre devis de travaux est offert ! Contactez-nous : 07.78.55.59.23 ou &hellip; <\/p>\n","protected":false},"author":1,"featured_media":0,"parent":0,"menu_order":0,"comment_status":"closed","ping_status":"closed","template":"","meta":{"footnotes":""},"class_list":["post-37","page","type-page","status-publish","hentry"],"_links":{"self":[{"href":"https:\/\/savarenovation74.fr\/index.php\/wp-json\/wp\/v2\/pages\/37","targetHints":{"allow":["GET"]}}],"collection":[{"href":"https:\/\/savarenovation74.fr\/index.php\/wp-json\/wp\/v2\/pages"}],"about":[{"href":"https:\/\/savarenovation74.fr\/index.php\/wp-json\/wp\/v2\/types\/page"}],"author":[{"embeddable":true,"href":"https:\/\/savarenovation74.fr\/index.php\/wp-json\/wp\/v2\/users\/1"}],"replies":[{"embeddable":true,"href":"https:\/\/savarenovation74.fr\/index.php\/wp-json\/wp\/v2\/comments?post=37"}],"version-history":[{"count":23,"href":"https:\/\/savarenovation74.fr\/index.php\/wp-json\/wp\/v2\/pages\/37\/revisions"}],"predecessor-version":[{"id":197,"href":"https:\/\/savarenovation74.fr\/index.php\/wp-json\/wp\/v2\/pages\/37\/revisions\/197"}],"wp:attachment":[{"href":"https:\/\/savarenovation74.fr\/index.php\/wp-json\/wp\/v2\/media?parent=37"}],"curies":[{"name":"wp","href":"https:\/\/api.w.org\/{rel}","templated":true}]}}